{"id":9,"date":"2026-02-18T16:21:39","date_gmt":"2026-02-18T16:21:39","guid":{"rendered":"https:\/\/mkd1.uabcilab.cat\/?page_id=9"},"modified":"2026-03-11T14:50:58","modified_gmt":"2026-03-11T14:50:58","slug":"landing-page","status":"publish","type":"page","link":"https:\/\/mkd1.uabcilab.cat\/?page_id=9","title":{"rendered":"borrador"},"content":{"rendered":"\n<div class=\"wp-block-group alignfull is-style-section-4 has-global-padding is-layout-constrained wp-block-group-is-layout-constrained is-style-section-4--1\" style=\"margin-top:0;margin-bottom:0;padding-top:var(--wp--preset--spacing--60);padding-bottom:var(--wp--preset--spacing--60)\">\n<div class=\"wp-block-columns alignwide is-layout-flex wp-container-core-columns-is-layout-633b684a wp-block-columns-is-layout-flex\">\n<div class=\"wp-block-column is-layout-flow wp-block-column-is-layout-flow\" style=\"flex-basis:40%\">\n<figure class=\"wp-block-image size-full is-resized\"><img loading=\"lazy\" decoding=\"async\" width=\"1024\" height=\"1024\" src=\"https:\/\/mkd1.uabcilab.cat\/wp-content\/uploads\/2026\/02\/a1ac0687-9a25-4dfc-93db-6c317a7e7b2e.png\" alt=\"A1ac0687 9a25 4dfc 93db 6c317a7e7b2e\" class=\"wp-image-25\" style=\"width:414px;height:auto\" title=\"borrador\" srcset=\"https:\/\/mkd1.uabcilab.cat\/wp-content\/uploads\/2026\/02\/a1ac0687-9a25-4dfc-93db-6c317a7e7b2e.png 1024w, https:\/\/mkd1.uabcilab.cat\/wp-content\/uploads\/2026\/02\/a1ac0687-9a25-4dfc-93db-6c317a7e7b2e-300x300.png 300w, https:\/\/mkd1.uabcilab.cat\/wp-content\/uploads\/2026\/02\/a1ac0687-9a25-4dfc-93db-6c317a7e7b2e-150x150.png 150w, https:\/\/mkd1.uabcilab.cat\/wp-content\/uploads\/2026\/02\/a1ac0687-9a25-4dfc-93db-6c317a7e7b2e-768x768.png 768w\" sizes=\"auto, (max-width: 1024px) 100vw, 1024px\" \/><\/figure>\n<\/div>\n\n\n\n<div class=\"wp-block-column is-vertically-aligned-center is-layout-flow wp-container-core-column-is-layout-0c22cdd7 wp-block-column-is-layout-flow\" style=\"flex-basis:60%\">\n<h2 class=\"wp-block-heading has-xx-large-font-size\">Protege tu empresa, aprende en ciberseguridad<\/h2>\n\n\n\n<p class=\"wp-block-paragraph\">Cursos dise\u00f1ados para peque\u00f1as organizaciones que quieren reducir riesgos, cumplir normativas y proteger su empresa.<\/p>\n\n\n\n<div class=\"wp-block-group is-vertical is-layout-flex wp-container-core-group-is-layout-3514bdf6 wp-block-group-is-layout-flex\">\n<h3 class=\"wp-block-heading has-small-font-size\" style=\"font-style:normal;font-weight:600;letter-spacing:1px;text-transform:uppercase\">Suscr\u00edbete en tu plataforma favorita<\/h3>\n\n\n\n<div class=\"wp-block-group is-layout-flex wp-block-group-is-layout-flex\">\n<p class=\"is-style-text-annotation is-style-text-annotation--2 wp-block-paragraph\"><a href=\"#\">YouTube<\/a><\/p>\n\n\n\n<p class=\"is-style-text-annotation is-style-text-annotation--3 wp-block-paragraph\"><a href=\"#\">Apple Podcasts<\/a><\/p>\n\n\n\n<p class=\"is-style-text-annotation is-style-text-annotation--4 wp-block-paragraph\"><a href=\"#\">Spotify<\/a><\/p>\n\n\n\n<p class=\"is-style-text-annotation is-style-text-annotation--5 wp-block-paragraph\"><a href=\"#\">Pocket Casts<\/a><\/p>\n\n\n\n<p class=\"is-style-text-annotation is-style-text-annotation--6 wp-block-paragraph\"><a href=\"#\">RRSS<\/a><\/p>\n<\/div>\n<\/div>\n<\/div>\n<\/div>\n<\/div>\n\n\n\n<div class=\"wp-block-group alignfull is-style-section-5 has-global-padding is-layout-constrained wp-block-group-is-layout-constrained is-style-section-5--7\" style=\"margin-top:0;margin-bottom:0;padding-top:var(--wp--preset--spacing--50);padding-bottom:var(--wp--preset--spacing--50)\">\n<div class=\"wp-block-columns alignwide is-layout-flex wp-container-core-columns-is-layout-ca2dd60b wp-block-columns-is-layout-flex\">\n<div class=\"wp-block-column is-vertically-aligned-center is-layout-flow wp-block-column-is-layout-flow\" style=\"flex-basis:50%\">\n<h2 class=\"wp-block-heading\">Sobre los cursos <\/h2>\n\n\n\n<p class=\"wp-block-paragraph\">Las peque\u00f1as empresas son el objetivo principal de los ciberataques<\/p>\n\n\n\n<p class=\"wp-block-paragraph\">La falta de formaci\u00f3n es una de las principales causas de incidentes de seguridad en peque\u00f1as organizaciones y empresas<\/p>\n<\/div>\n\n\n\n<div class=\"wp-block-column is-vertically-aligned-center is-layout-flow wp-block-column-is-layout-flow\" style=\"flex-basis:50%\">\n<figure class=\"wp-block-image size-full\"><img loading=\"lazy\" decoding=\"async\" width=\"612\" height=\"408\" src=\"https:\/\/mkd1.uabcilab.cat\/wp-content\/uploads\/2026\/02\/istockphoto-1400564019-612x612-1.jpg\" alt=\"Istockphoto 1400564019 612x612 1\" class=\"wp-image-23\" style=\"aspect-ratio:1;object-fit:cover\" title=\"borrador\" srcset=\"https:\/\/mkd1.uabcilab.cat\/wp-content\/uploads\/2026\/02\/istockphoto-1400564019-612x612-1.jpg 612w, https:\/\/mkd1.uabcilab.cat\/wp-content\/uploads\/2026\/02\/istockphoto-1400564019-612x612-1-300x200.jpg 300w\" sizes=\"auto, (max-width: 612px) 100vw, 612px\" \/><\/figure>\n<\/div>\n<\/div>\n<\/div>\n\n\n\n<p class=\"wp-block-paragraph\"><strong>Ejemplos de INCIDENTES<\/strong><\/p>\n\n\n\n<ul class=\"wp-block-list\">\n<li>Phishing constante<\/li>\n\n\n\n<li>Mal uso de contrase\u00f1as<\/li>\n\n\n\n<li>Desconocimiento <\/li>\n\n\n\n<li>Riesgo legal<\/li>\n<\/ul>\n\n\n\n<p class=\"wp-block-paragraph\"><strong>Nuestra SOLUCI\u00d3N<\/strong><\/p>\n\n\n\n<ul class=\"wp-block-list\">\n<li>Reducci\u00f3n de incidentes<\/li>\n\n\n\n<li>Mayor protecci\u00f3n de datos<\/li>\n\n\n\n<li>Cumplimiento normativo<\/li>\n\n\n\n<li>Mayor confianza con los usuarios<\/li>\n\n\n\n<li><\/li>\n<\/ul>\n\n\n\n<div class=\"wp-block-group alignfull has-global-padding is-layout-constrained wp-container-core-group-is-layout-4bb49aaa wp-block-group-is-layout-constrained\" style=\"margin-top:0;margin-bottom:0;padding-top:var(--wp--preset--spacing--50);padding-bottom:var(--wp--preset--spacing--50)\">\n<div class=\"wp-block-group alignwide is-content-justification-space-between is-layout-flex wp-container-core-group-is-layout-13b221f0 wp-block-group-is-layout-flex\">\n<h2 class=\"wp-block-heading has-text-align-left alignwide is-style-text-subtitle has-x-large-font-size is-style-text-subtitle--8\">Nuestros cursos<\/h2>\n<\/div>\n\n\n\n<div class=\"wp-block-group alignwide is-layout-grid wp-container-core-group-is-layout-faa3c2b2 wp-block-group-is-layout-grid\">\n<div class=\"wp-block-cover\"><img decoding=\"async\" class=\"wp-block-cover__image-background\" alt=\"49.900+ Phishing Fotograf\u00edas de stock, fotos e im\u00e1genes libres de derechos  - iStock | Password, Seguridad informatica, Virus inform\u00e1tico\" src=\"https:\/\/media.istockphoto.com\/id\/1469637157\/es\/foto\/imagen-de-estafa-de-phishing-icono-de-anzuelo-y-port%C3%A1til.jpg?s=612x612&amp;w=0&amp;k=20&amp;c=GKfB9CFecZTmIkadtqyUsrY2d_dMbCYpflWboPyofV0=\" data-object-fit=\"cover\" title=\"borrador\"><span aria-hidden=\"true\" class=\"wp-block-cover__background has-background-dim\"><\/span><div class=\"wp-block-cover__inner-container is-layout-flow wp-block-cover-is-layout-flow\">\n<p class=\"has-text-align-center is-style-default has-manrope-font-family has-large-font-size wp-block-paragraph\">C\u00f3mo evitar ataques de phishing en tu organizaci\u00f3n<\/p>\n<\/div><\/div>\n\n\n\n<div class=\"wp-block-cover\"><img decoding=\"async\" class=\"wp-block-cover__image-background\" alt=\"Claves de la protecci\u00f3n de datos \u2013 Uni\u00f3n de Consumidores de Extremadura\" src=\"https:\/\/ucex.org\/wp-content\/uploads\/2020\/05\/protecciondatos.png\" data-object-fit=\"cover\" title=\"borrador\"><span aria-hidden=\"true\" class=\"wp-block-cover__background has-background-dim\"><\/span><div class=\"wp-block-cover__inner-container is-layout-flow wp-block-cover-is-layout-flow\">\n<p class=\"has-text-align-center has-large-font-size wp-block-paragraph\">Protecci\u00f3n de datos en peque\u00f1as empresas<\/p>\n<\/div><\/div>\n\n\n\n<div class=\"wp-block-cover\"><img decoding=\"async\" class=\"wp-block-cover__image-background\" alt=\"M\u00e1s del 99% de los ciberataques est\u00e1 a un golpe de clic del usuario\" src=\"https:\/\/d3t4nwcgmfrp9x.cloudfront.net\/upload\/ciberataques-golpe-clic-usuario.jpg\" data-object-fit=\"cover\" title=\"borrador\"><span aria-hidden=\"true\" class=\"wp-block-cover__background has-background-dim\"><\/span><div class=\"wp-block-cover__inner-container is-layout-flow wp-block-cover-is-layout-flow\">\n<p class=\"has-text-align-center has-large-font-size wp-block-paragraph\">C\u00f3mo preparar a tu empresa ante un ciberataque<\/p>\n<\/div><\/div>\n\n\n\n<div class=\"wp-block-cover\"><img decoding=\"async\" class=\"wp-block-cover__image-background\" alt=\"Qu\u00e9 es el derecho a la seguridad digital? - Forlopd\" src=\"https:\/\/forlopd.es\/wp-content\/uploads\/2025\/03\/derecho-a-la-seguridad-digital.jpg\" data-object-fit=\"cover\" title=\"borrador\"><span aria-hidden=\"true\" class=\"wp-block-cover__background has-background-dim\"><\/span><div class=\"wp-block-cover__inner-container is-layout-flow wp-block-cover-is-layout-flow\">\n<p class=\"has-text-align-center has-large-font-size wp-block-paragraph\">Cumplimiento normativo y protecci\u00f3n de datos<\/p>\n<\/div><\/div>\n\n\n\n<div class=\"wp-block-cover\"><img decoding=\"async\" class=\"wp-block-cover__image-background\" alt=\"En qu\u00e9 consiste la seguridad digital? Definici\u00f3n y ejemplos\" src=\"https:\/\/www.webdox.cl\/hubfs\/00-MARKETING-OFFICIAL\/Blog\/April%202022\/webdox-img-en-que-consiste-la-seguridad-digital.jpg\" data-object-fit=\"cover\" title=\"borrador\"><span aria-hidden=\"true\" class=\"wp-block-cover__background has-background-dim\"><\/span><div class=\"wp-block-cover__inner-container is-layout-flow wp-block-cover-is-layout-flow\">\n<p class=\"has-text-align-center has-large-font-size wp-block-paragraph\">Seguridad digital para el d\u00eda a d\u00eda<\/p>\n<\/div><\/div>\n\n\n\n<div class=\"wp-block-cover\"><img decoding=\"async\" class=\"wp-block-cover__image-background\" alt=\"Plan de Transformacion digital para Pymes | 7 pasos y herramientas clave\" src=\"https:\/\/www.bizneo.com\/blog\/wp-content\/uploads\/2019\/11\/transformacion-digital-pymes-1024x575.webp\" data-object-fit=\"cover\" title=\"borrador\"><span aria-hidden=\"true\" class=\"wp-block-cover__background has-background-dim\"><\/span><div class=\"wp-block-cover__inner-container is-layout-flow wp-block-cover-is-layout-flow\">\n<p class=\"has-text-align-center has-large-font-size wp-block-paragraph\">Gesti\u00f3n de riesgos digitales en pymes<\/p>\n<\/div><\/div>\n<\/div>\n<\/div>\n\n\n\n<div class=\"wp-block-group alignfull is-style-section-1 has-global-padding is-layout-constrained wp-block-group-is-layout-constrained is-style-section-1--9\" style=\"margin-top:0;margin-bottom:0;padding-top:var(--wp--preset--spacing--80);padding-bottom:var(--wp--preset--spacing--80)\">\n<h2 class=\"wp-block-heading has-text-align-center\">Empresas que ya conf\u00edan en nosotros<\/h2>\n\n\n\n<div style=\"height:var(--wp--preset--spacing--30)\" aria-hidden=\"true\" class=\"wp-block-spacer\"><\/div>\n\n\n\n<div class=\"wp-block-group alignwide is-content-justification-center is-layout-flex wp-container-core-group-is-layout-c2ac6810 wp-block-group-is-layout-flex\">\n<figure class=\"wp-block-image size-full is-resized\"><img loading=\"lazy\" decoding=\"async\" width=\"225\" height=\"225\" src=\"https:\/\/mkd1.uabcilab.cat\/wp-content\/uploads\/2026\/02\/images.png\" alt=\"Images\" class=\"wp-image-17\" style=\"aspect-ratio:4\/3;object-fit:contain;width:150px\" title=\"borrador\" srcset=\"https:\/\/mkd1.uabcilab.cat\/wp-content\/uploads\/2026\/02\/images.png 225w, https:\/\/mkd1.uabcilab.cat\/wp-content\/uploads\/2026\/02\/images-150x150.png 150w\" sizes=\"auto, (max-width: 225px) 100vw, 225px\" \/><\/figure>\n\n\n\n<figure class=\"wp-block-image size-large is-resized\"><img loading=\"lazy\" decoding=\"async\" width=\"1024\" height=\"1024\" src=\"https:\/\/mkd1.uabcilab.cat\/wp-content\/uploads\/2026\/02\/1600w-riptXGgAvOE-1024x1024.webp\" alt=\"1600w RiptXGgAvOE 1024x1024\" class=\"wp-image-19\" style=\"aspect-ratio:4\/3;object-fit:contain;width:150px\" title=\"borrador\" srcset=\"https:\/\/mkd1.uabcilab.cat\/wp-content\/uploads\/2026\/02\/1600w-riptXGgAvOE-1024x1024.webp 1024w, https:\/\/mkd1.uabcilab.cat\/wp-content\/uploads\/2026\/02\/1600w-riptXGgAvOE-300x300.webp 300w, https:\/\/mkd1.uabcilab.cat\/wp-content\/uploads\/2026\/02\/1600w-riptXGgAvOE-150x150.webp 150w, https:\/\/mkd1.uabcilab.cat\/wp-content\/uploads\/2026\/02\/1600w-riptXGgAvOE-768x768.webp 768w, https:\/\/mkd1.uabcilab.cat\/wp-content\/uploads\/2026\/02\/1600w-riptXGgAvOE-1536x1536.webp 1536w, https:\/\/mkd1.uabcilab.cat\/wp-content\/uploads\/2026\/02\/1600w-riptXGgAvOE.webp 1600w\" sizes=\"auto, (max-width: 1024px) 100vw, 1024px\" \/><\/figure>\n\n\n\n<figure class=\"wp-block-image size-full is-resized\"><img loading=\"lazy\" decoding=\"async\" width=\"954\" height=\"322\" src=\"https:\/\/mkd1.uabcilab.cat\/wp-content\/uploads\/2026\/02\/academia-idiomas-logo.png\" alt=\"Academia Idiomas Logo\" class=\"wp-image-20\" style=\"aspect-ratio:4\/3;object-fit:contain;width:150px\" title=\"borrador\" srcset=\"https:\/\/mkd1.uabcilab.cat\/wp-content\/uploads\/2026\/02\/academia-idiomas-logo.png 954w, https:\/\/mkd1.uabcilab.cat\/wp-content\/uploads\/2026\/02\/academia-idiomas-logo-300x101.png 300w, https:\/\/mkd1.uabcilab.cat\/wp-content\/uploads\/2026\/02\/academia-idiomas-logo-768x259.png 768w\" sizes=\"auto, (max-width: 954px) 100vw, 954px\" \/><\/figure>\n\n\n\n<figure class=\"wp-block-image size-full is-resized\"><img loading=\"lazy\" decoding=\"async\" width=\"626\" height=\"417\" src=\"https:\/\/mkd1.uabcilab.cat\/wp-content\/uploads\/2026\/02\/diseno-logotipo-playa-olas-oceano-azul-limpio_151157-1633.avif\" alt=\"Diseno Logotipo Playa Olas Oceano Azul Limpio 151157 1633\" class=\"wp-image-18\" style=\"aspect-ratio:4\/3;object-fit:contain;width:150px\" title=\"borrador\" srcset=\"https:\/\/mkd1.uabcilab.cat\/wp-content\/uploads\/2026\/02\/diseno-logotipo-playa-olas-oceano-azul-limpio_151157-1633.avif 626w, https:\/\/mkd1.uabcilab.cat\/wp-content\/uploads\/2026\/02\/diseno-logotipo-playa-olas-oceano-azul-limpio_151157-1633-300x200.jpg 300w\" sizes=\"auto, (max-width: 626px) 100vw, 626px\" \/><\/figure>\n\n\n\n<figure class=\"wp-block-image size-large is-resized\"><img loading=\"lazy\" decoding=\"async\" width=\"1024\" height=\"1024\" src=\"https:\/\/mkd1.uabcilab.cat\/wp-content\/uploads\/2026\/02\/1600w-T7eDx166ogE-1024x1024.webp\" alt=\"1600w T7eDx166ogE 1024x1024\" class=\"wp-image-21\" style=\"aspect-ratio:4\/3;object-fit:contain;width:150px\" title=\"borrador\" srcset=\"https:\/\/mkd1.uabcilab.cat\/wp-content\/uploads\/2026\/02\/1600w-T7eDx166ogE-1024x1024.webp 1024w, https:\/\/mkd1.uabcilab.cat\/wp-content\/uploads\/2026\/02\/1600w-T7eDx166ogE-300x300.webp 300w, https:\/\/mkd1.uabcilab.cat\/wp-content\/uploads\/2026\/02\/1600w-T7eDx166ogE-150x150.webp 150w, https:\/\/mkd1.uabcilab.cat\/wp-content\/uploads\/2026\/02\/1600w-T7eDx166ogE-768x768.webp 768w, https:\/\/mkd1.uabcilab.cat\/wp-content\/uploads\/2026\/02\/1600w-T7eDx166ogE-1536x1536.webp 1536w, https:\/\/mkd1.uabcilab.cat\/wp-content\/uploads\/2026\/02\/1600w-T7eDx166ogE.webp 1600w\" sizes=\"auto, (max-width: 1024px) 100vw, 1024px\" \/><\/figure>\n<\/div>\n<\/div>\n\n\n\n<aside class=\"wp-block-group alignfull is-style-section-3 has-global-padding is-layout-constrained wp-container-core-group-is-layout-0553457c wp-block-group-is-layout-constrained is-style-section-3--10\" style=\"margin-top:0;margin-bottom:0;padding-top:var(--wp--preset--spacing--50);padding-right:var(--wp--preset--spacing--50);padding-bottom:var(--wp--preset--spacing--50);padding-left:var(--wp--preset--spacing--50)\">\n<div class=\"wp-block-group is-vertical is-content-justification-center is-layout-flex wp-container-core-group-is-layout-65db5ff9 wp-block-group-is-layout-flex\" style=\"min-height:360px;margin-top:0;margin-bottom:0\">\n<h2 class=\"wp-block-heading has-text-align-center has-xx-large-font-size\">Solicita tu propuesta personalizada<\/h2>\n\n\n\n<p class=\"has-text-align-center is-style-text-subtitle is-style-text-subtitle--11 wp-block-paragraph\">Analizamos las necesidades de tu empresa y te enviamos un plan de formaci\u00f3n en ciberseguridad adaptado a tu caso.<\/p>\n\n\n\n<div style=\"height:0px\" aria-hidden=\"true\" class=\"wp-block-spacer wp-container-content-62aae154\"><\/div>\n\n\n\n<div class=\"wp-block-buttons is-content-justification-center is-layout-flex wp-container-core-buttons-is-layout-35f06ea7 wp-block-buttons-is-layout-flex\">\n<div class=\"wp-block-button\"><a class=\"wp-block-button__link has-text-align-center wp-element-button\">M\u00e1s informaci\u00f3n<\/a><\/div>\n<\/div>\n<\/div>\n<\/aside>\n\n\n\n<p class=\"wp-block-paragraph\"><\/p>\n","protected":false},"excerpt":{"rendered":"<p>Protege tu empresa, aprende en ciberseguridad Cursos dise\u00f1ados para peque\u00f1as organizaciones que quieren reducir riesgos, cumplir normativas y proteger su empresa. Suscr\u00edbete en tu plataforma favorita YouTube Apple Podcasts Spotify Pocket Casts RRSS Sobre los cursos Las peque\u00f1as empresas son el objetivo principal de los ciberataques La falta de formaci\u00f3n es una de las principales [&hellip;]<\/p>\n","protected":false},"author":1,"featured_media":0,"parent":0,"menu_order":0,"comment_status":"closed","ping_status":"closed","template":"","meta":{"_crdt_document":"","footnotes":""},"class_list":["post-9","page","type-page","status-publish","hentry"],"_links":{"self":[{"href":"https:\/\/mkd1.uabcilab.cat\/index.php?rest_route=\/wp\/v2\/pages\/9","targetHints":{"allow":["GET"]}}],"collection":[{"href":"https:\/\/mkd1.uabcilab.cat\/index.php?rest_route=\/wp\/v2\/pages"}],"about":[{"href":"https:\/\/mkd1.uabcilab.cat\/index.php?rest_route=\/wp\/v2\/types\/page"}],"author":[{"embeddable":true,"href":"https:\/\/mkd1.uabcilab.cat\/index.php?rest_route=\/wp\/v2\/users\/1"}],"replies":[{"embeddable":true,"href":"https:\/\/mkd1.uabcilab.cat\/index.php?rest_route=%2Fwp%2Fv2%2Fcomments&post=9"}],"version-history":[{"count":7,"href":"https:\/\/mkd1.uabcilab.cat\/index.php?rest_route=\/wp\/v2\/pages\/9\/revisions"}],"predecessor-version":[{"id":45,"href":"https:\/\/mkd1.uabcilab.cat\/index.php?rest_route=\/wp\/v2\/pages\/9\/revisions\/45"}],"wp:attachment":[{"href":"https:\/\/mkd1.uabcilab.cat\/index.php?rest_route=%2Fwp%2Fv2%2Fmedia&parent=9"}],"curies":[{"name":"wp","href":"https:\/\/api.w.org\/{rel}","templated":true}]}}